{"id":1597,"date":"2013-10-17T11:38:46","date_gmt":"2013-10-17T09:38:46","guid":{"rendered":"http:\/\/bulvar.veebikoda.com\/?page_id=1597"},"modified":"2022-03-21T14:38:43","modified_gmt":"2022-03-21T12:38:43","slug":"autonvuokraus","status":"publish","type":"page","link":"https:\/\/tallinn.carestonia.eu\/fi\/","title":{"rendered":"Autonvuokraus"},"content":{"rendered":"<p style=\"text-align: right;\"><em>Autonvuokraus<\/em><\/p>\n<p><img loading=\"lazy\" decoding=\"async\" class=\"aligncenter size-full wp-image-3166\" src=\"https:\/\/tallinn.carestonia.eu\/wp-content\/uploads\/2013\/10\/esilehe-pilt1.jpg\" alt=\"Autorent \u2013 s\u00f5iduautode rent, v\u00e4ikebusside rent, kaubikute rent\" width=\"980\" height=\"204\" srcset=\"https:\/\/tallinn.carestonia.eu\/wp-content\/uploads\/2013\/10\/esilehe-pilt1.jpg 980w, https:\/\/tallinn.carestonia.eu\/wp-content\/uploads\/2013\/10\/esilehe-pilt1-300x62.jpg 300w\" sizes=\"(max-width: 980px) 100vw, 980px\" \/><\/p>\n<div class=\"threecol-one\">\n<h3><a href=\"\/?product_cat=auton-vuokraus\">HENKIL\u00d6AUTON VUOKRAUS<\/a><\/h3>\n<p>Tervetuloa Bulvar autonvuokraus sivuille! Meill\u00e4 on manuaalivaihteisia ja automaatti- vaihteisia henkil\u00f6 autoja. Valitse juuri omaan tarpeeseesi sopivan kulkuneuvon, sinulle sopiva henkil\u00f6auto ja varausj\u00e4rjestelm\u00e4st\u00e4mme toivomasi vuokraus ajankohta, mieluisat nouto- ja palautuspaikat.<\/p>\n<span class=\"woo-sc-ilink\"><a class=\"tick\" href=\"https:\/\/tallinn.carestonia.eu\/fi\/rent\/auton-vuokraus\/\" title=\"Autorent\">Tutvustu lis\u00e4ksi&#8230;<\/a><\/span>\n<\/div> <div class=\"threecol-one\">\n<h3><a href=\"\/?product_cat=pikkubussin-vuokraus\">PIKKUBUSSIN VUOKRAUS<\/a><\/h3>\n<p>Autonvuokraus Bulvarist\u00e4 on helppoa ja vaivatonta. Valikoimastamme l\u00f6ytyy pikkuautoista farmareihin ja pakettiautoista pikkubusseihin. Bikkubussi on 8+1-paikkainen. Luovutamme sinulle aina siistin ja valmiiksi tankatun vuokra-auton. Annamme my\u00f6s tarvittaessa opastuksen auton k\u00e4yt\u00f6ss\u00e4.<\/p>\n<span class=\"woo-sc-ilink\"><a class=\"tick\" href=\"https:\/\/tallinn.carestonia.eu\/fi\/rent\/pikkubussin-vuokraus\/\" title=\"V\u00e4ikebussi rent\">Tutvustu lis\u00e4ksi&#8230;<\/a><\/span>\n<\/div> <div class=\"threecol-one last\">\n<h3><a href=\"\/?product_cat=pakettiauton-vuokraus\">PAKETTIAUTON VUOKRAUS<\/a><\/h3>\n<p>Koppi- ja kuorma-autot sek\u00e4 pakettiauto vuokraus. Rakkaalla lapsella on monta nime\u00e4:<br \/>\nPienoisbussit, minibussit, tila-autot&#8230; N\u00e4m\u00e4 autot ovat hyvi\u00e4 valintoja matkoille, t\u00f6ihin tai vapaa-aikaan, silloin kun tarvitset enemm\u00e4n tilaa.\u00a0 Autoa saa ajaa B-kortilla ja ne ovat diesel-k\u00e4ytt\u00f6isi\u00e4.<\/p>\n<span class=\"woo-sc-ilink\"><a class=\"tick\" href=\"https:\/\/tallinn.carestonia.eu\/fi\/rent\/pakettiauton-vuokraus\/\" title=\"Kaubikute rent\">Tutvustu lis\u00e4ksi&#8230;<\/a><\/span>\n<\/div><div class=\"clear\"><\/div><br \/>\n<div class=\"twocol-one\"><\/div><\/p>\n<div id=\"pikaajaline\">\n<h4>TARVITSET AUTON KUUKAUDEKSI TAI MUUTAMAKSI<\/h4>\n<p>Pitk\u00e4n vuokraa varten on tarjota hyv\u00e4t edellytykset. \u00a0 Kysy lis\u00e4\u00e4&#8230;<\/p>\n<\/div>\n<div class=\"twocol-one last\">\n<div id=\"valismaal\">\n<h4>ULKOMAAN TARJOUKSET<\/h4>\n<p>Vuokra-autolla voit suunnata juuri sinne, minne mieli tekee ja nauttia t\u00e4ysin siemauksin lomalaisen vapaudesta. \u00a0 Kysy lis\u00e4\u00e4&#8230;<\/p>\n<\/div>\n<\/div><div class=\"clear\"><\/div>\n<div class=\"woo-sc-hr\"><\/div>\n<h2 style=\"text-align: center;\">Alennukset<\/h2>\n<div class=\"woo-sc-hr\"><\/div>\n<div class=\"woocommerce columns-4 \"><ul class=\"products columns-4\">\n<li class=\"product type-product post-1741 status-publish first instock product_cat-pakettiauton-vuokraus has-post-thumbnail featured shipping-taxable product-type-simple\">\n\t<a href=\"https:\/\/tallinn.carestonia.eu\/fi\/auto\/peugeot-expert\/\" class=\"woocommerce-LoopProduct-link woocommerce-loop-product__link\"><img loading=\"lazy\" decoding=\"async\" width=\"150\" height=\"150\" src=\"https:\/\/tallinn.carestonia.eu\/wp-content\/uploads\/2021\/01\/peugeot-expert-06-150x150.jpg\" class=\"attachment-woocommerce_thumbnail size-woocommerce_thumbnail\" alt=\"Peugeot Expert\" srcset=\"https:\/\/tallinn.carestonia.eu\/wp-content\/uploads\/2021\/01\/peugeot-expert-06-150x150.jpg 150w, https:\/\/tallinn.carestonia.eu\/wp-content\/uploads\/2021\/01\/peugeot-expert-06-100x100.jpg 100w\" sizes=\"(max-width: 150px) 100vw, 150px\" \/><h2 class=\"woocommerce-loop-product__title\">Peugeot Expert<\/h2>\n<\/a><a href=\"https:\/\/tallinn.carestonia.eu\/fi\/auto\/peugeot-expert\/\" aria-describedby=\"woocommerce_loop_add_to_cart_link_describedby_1741\" data-quantity=\"1\" class=\"button product_type_simple\" data-product_id=\"1741\" data-product_sku=\"\" aria-label=\"Read more about &ldquo;Peugeot Expert&rdquo;\" rel=\"nofollow\">Lue Lis\u00e4\u00e4<\/a><span id=\"woocommerce_loop_add_to_cart_link_describedby_1741\" class=\"screen-reader-text\">\n\t<\/span>\n<\/li>\n<li class=\"product type-product post-1743 status-publish instock product_cat-pakettiauton-vuokraus has-post-thumbnail featured shipping-taxable product-type-simple\">\n\t<a href=\"https:\/\/tallinn.carestonia.eu\/fi\/auto\/renault-traffic-i\/\" class=\"woocommerce-LoopProduct-link woocommerce-loop-product__link\"><img loading=\"lazy\" decoding=\"async\" width=\"150\" height=\"150\" src=\"https:\/\/tallinn.carestonia.eu\/wp-content\/uploads\/2013\/10\/Renault-Traffic-I1-150x150.jpg\" class=\"attachment-woocommerce_thumbnail size-woocommerce_thumbnail\" alt=\"Renault Trafic I cargo\" srcset=\"https:\/\/tallinn.carestonia.eu\/wp-content\/uploads\/2013\/10\/Renault-Traffic-I1-150x150.jpg 150w, https:\/\/tallinn.carestonia.eu\/wp-content\/uploads\/2013\/10\/Renault-Traffic-I1-100x100.jpg 100w\" sizes=\"(max-width: 150px) 100vw, 150px\" \/><h2 class=\"woocommerce-loop-product__title\">Renault Trafic I<\/h2>\n<\/a><a href=\"https:\/\/tallinn.carestonia.eu\/fi\/auto\/renault-traffic-i\/\" aria-describedby=\"woocommerce_loop_add_to_cart_link_describedby_1743\" data-quantity=\"1\" class=\"button product_type_simple\" data-product_id=\"1743\" data-product_sku=\"\" aria-label=\"Read more about &ldquo;Renault Trafic I&rdquo;\" rel=\"nofollow\">Lue Lis\u00e4\u00e4<\/a><span id=\"woocommerce_loop_add_to_cart_link_describedby_1743\" class=\"screen-reader-text\">\n\t<\/span>\n<\/li>\n<li class=\"product type-product post-1780 status-publish instock product_cat-auton-vuokraus has-post-thumbnail featured shipping-taxable product-type-simple\">\n\t<a href=\"https:\/\/tallinn.carestonia.eu\/fi\/auto\/peugeot2008-suv-aut\/\" class=\"woocommerce-LoopProduct-link woocommerce-loop-product__link\"><img loading=\"lazy\" decoding=\"async\" width=\"150\" height=\"150\" src=\"https:\/\/tallinn.carestonia.eu\/wp-content\/uploads\/2013\/10\/peugeot_2008_uruguay-5-150x150.jpg\" class=\"attachment-woocommerce_thumbnail size-woocommerce_thumbnail\" alt=\"Peugeot2008 SUV Aut\" srcset=\"https:\/\/tallinn.carestonia.eu\/wp-content\/uploads\/2013\/10\/peugeot_2008_uruguay-5-150x150.jpg 150w, https:\/\/tallinn.carestonia.eu\/wp-content\/uploads\/2013\/10\/peugeot_2008_uruguay-5-100x100.jpg 100w\" sizes=\"(max-width: 150px) 100vw, 150px\" \/><h2 class=\"woocommerce-loop-product__title\">Peugeot2008 SUV Aut<\/h2>\n<\/a><a href=\"https:\/\/tallinn.carestonia.eu\/fi\/auto\/peugeot2008-suv-aut\/\" aria-describedby=\"woocommerce_loop_add_to_cart_link_describedby_1780\" data-quantity=\"1\" class=\"button product_type_simple\" data-product_id=\"1780\" data-product_sku=\"\" aria-label=\"Read more about &ldquo;Peugeot2008 SUV Aut&rdquo;\" rel=\"nofollow\">Lue Lis\u00e4\u00e4<\/a><span id=\"woocommerce_loop_add_to_cart_link_describedby_1780\" class=\"screen-reader-text\">\n\t<\/span>\n<\/li>\n<li class=\"product type-product post-1784 status-publish last instock product_cat-auton-vuokraus has-post-thumbnail featured shipping-taxable product-type-simple\">\n\t<a href=\"https:\/\/tallinn.carestonia.eu\/fi\/auto\/audi-a3-aut\/\" class=\"woocommerce-LoopProduct-link woocommerce-loop-product__link\"><img loading=\"lazy\" decoding=\"async\" width=\"150\" height=\"150\" src=\"https:\/\/tallinn.carestonia.eu\/wp-content\/uploads\/2013\/10\/Audi-A3-Aut6-150x150.jpg\" class=\"attachment-woocommerce_thumbnail size-woocommerce_thumbnail\" alt=\"Audi A3 Aut\" srcset=\"https:\/\/tallinn.carestonia.eu\/wp-content\/uploads\/2013\/10\/Audi-A3-Aut6-150x150.jpg 150w, https:\/\/tallinn.carestonia.eu\/wp-content\/uploads\/2013\/10\/Audi-A3-Aut6-100x100.jpg 100w, https:\/\/tallinn.carestonia.eu\/wp-content\/uploads\/2013\/10\/Audi-A3-Aut6.jpg 240w\" sizes=\"(max-width: 150px) 100vw, 150px\" \/><h2 class=\"woocommerce-loop-product__title\">Audi A3 Aut<\/h2>\n<\/a><a href=\"https:\/\/tallinn.carestonia.eu\/fi\/auto\/audi-a3-aut\/\" aria-describedby=\"woocommerce_loop_add_to_cart_link_describedby_1784\" data-quantity=\"1\" class=\"button product_type_simple\" data-product_id=\"1784\" data-product_sku=\"\" aria-label=\"Read more about &ldquo;Audi A3 Aut&rdquo;\" rel=\"nofollow\">Lue Lis\u00e4\u00e4<\/a><span id=\"woocommerce_loop_add_to_cart_link_describedby_1784\" class=\"screen-reader-text\">\n\t<\/span>\n<\/li>\n<\/ul>\n<\/div>\n","protected":false},"excerpt":{"rendered":"","protected":false},"author":6,"featured_media":0,"parent":0,"menu_order":0,"comment_status":"closed","ping_status":"closed","template":"template-biz.php","meta":{"footnotes":""},"class_list":["post-1597","page","type-page","status-publish","hentry"],"_links":{"self":[{"href":"https:\/\/tallinn.carestonia.eu\/fi\/wp-json\/wp\/v2\/pages\/1597"}],"collection":[{"href":"https:\/\/tallinn.carestonia.eu\/fi\/wp-json\/wp\/v2\/pages"}],"about":[{"href":"https:\/\/tallinn.carestonia.eu\/fi\/wp-json\/wp\/v2\/types\/page"}],"author":[{"embeddable":true,"href":"https:\/\/tallinn.carestonia.eu\/fi\/wp-json\/wp\/v2\/users\/6"}],"replies":[{"embeddable":true,"href":"https:\/\/tallinn.carestonia.eu\/fi\/wp-json\/wp\/v2\/comments?post=1597"}],"version-history":[{"count":41,"href":"https:\/\/tallinn.carestonia.eu\/fi\/wp-json\/wp\/v2\/pages\/1597\/revisions"}],"predecessor-version":[{"id":7295,"href":"https:\/\/tallinn.carestonia.eu\/fi\/wp-json\/wp\/v2\/pages\/1597\/revisions\/7295"}],"wp:attachment":[{"href":"https:\/\/tallinn.carestonia.eu\/fi\/wp-json\/wp\/v2\/media?parent=1597"}],"curies":[{"name":"wp","href":"https:\/\/api.w.org\/{rel}","templated":true}]}}