{"id":1624,"date":"2013-10-17T11:49:10","date_gmt":"2013-10-17T09:49:10","guid":{"rendered":"http:\/\/bulvar.veebikoda.com\/?page_id=1624"},"modified":"2024-05-08T14:17:32","modified_gmt":"2024-05-08T12:17:32","slug":"autoilu-bulvar-autorent","status":"publish","type":"page","link":"https:\/\/tallinn.carestonia.eu\/fi\/autoilu-bulvar-autorent\/","title":{"rendered":"Autoilu &#8211; Bulvar Autorent"},"content":{"rendered":"<h3><span style=\"color: #1e90ff;\"><a style=\"color: #1e90ff;\" title=\"font-family: tahoma, arial, helvetica, sans-serif;\"><strong>Tervetuloa Bulvar autonvuokraus sivuille ja tutustumaan vuokra-automallistoomme!<\/strong><\/a><\/span><\/h3>\n<div id=\"attachment_6245\" style=\"width: 160px\" class=\"wp-caption alignright\"><a href=\"https:\/\/tallinn.carestonia.eu\/wp-content\/uploads\/2017\/06\/Edukas-Eesti-ettev\u00f5tte.png\"><img loading=\"lazy\" decoding=\"async\" aria-describedby=\"caption-attachment-6245\" class=\"wp-image-6245 size-thumbnail\" title=\"Autoilu\" src=\"https:\/\/tallinn.carestonia.eu\/wp-content\/uploads\/2017\/06\/Edukas-Eesti-ettev\u00f5tte-150x150.png\" alt=\"Autoilu\" width=\"150\" height=\"150\" srcset=\"https:\/\/tallinn.carestonia.eu\/wp-content\/uploads\/2017\/06\/Edukas-Eesti-ettev\u00f5tte-150x150.png 150w, https:\/\/tallinn.carestonia.eu\/wp-content\/uploads\/2017\/06\/Edukas-Eesti-ettev\u00f5tte-100x100.png 100w, https:\/\/tallinn.carestonia.eu\/wp-content\/uploads\/2017\/06\/Edukas-Eesti-ettev\u00f5tte-300x300.png 300w, https:\/\/tallinn.carestonia.eu\/wp-content\/uploads\/2017\/06\/Edukas-Eesti-ettev\u00f5tte.png 709w\" sizes=\"(max-width: 150px) 100vw, 150px\" \/><\/a><p id=\"caption-attachment-6245\" class=\"wp-caption-text\">Korkea luottoluokitus yhti\u00f6 &#8211; Autoilu<\/p><\/div>\n<h3 style=\"text-align: center;\"><strong><em><span style=\"color: #808080;\">21<\/span><\/em><\/strong><em><span style=\"color: #808080; font-size: small;\">\u00a0<strong>YEARS ON THE MARKET \u00a0 \u00a0 \u00a0\u00a0<\/strong><\/span><\/em><em><span style=\"color: #808080; font-size: small;\"><strong>&#8211; \u00a0Autoilu \u00a0&#8211;<\/strong><\/span><\/em><\/h3>\n<h4 style=\"text-align: left;\"><span style=\"font-family: tahoma, arial, helvetica, sans-serif; font-size: small;\">Haluamme toimia nopeasti, joustavasti ja luotettavasti l\u00e4htee asiakkaan tarpeista. Yritt\u00e4jyys ja ahkeruus luovat pohjan jatkuvalle kehittymiselle sek\u00e4 mahdollistaa laadukkaat mutta edulliset palvelumme.<\/span><\/h4>\n<h4><span style=\"font-family: tahoma, arial, helvetica, sans-serif; font-size: small;\">Meill\u00e4 on manuaalivaihteisia ja automaattivaihteisia autoja. Valitset vain omaan tarpeeseesi sopivan kulkuneuvon. Valitse vain varausj\u00e4rjestelm\u00e4st\u00e4mme toivomasi vuokraus ajankohta, mieluisat nouto- ja palautuspaikat sinulle sopiva henkil\u00f6auto, pakettiauto tai pikkubussi sek\u00e4 kaipaamasi lis\u00e4tarvikkeet, me jatkamme siit\u00e4.<\/span><\/h4>\n<h4><span style=\"font-family: tahoma, arial, helvetica, sans-serif; font-size: small;\">Autonvuokraus Bulvarist\u00e4 on helppoa ja vaivatonta. Valikoimastamme l\u00f6ytyy pikkuautoista farmareihin, perheautoista ja pakettiautoista pikkubusseihin.<\/span><\/h4>\n<h4><span style=\"font-family: tahoma, arial, helvetica, sans-serif; font-size: small;\">Luovutamme sinulle aina siistin ja valmiiksi tankatun vuokra-auton. Annamme my\u00f6s tarvittaessa opastuksen auton k\u00e4yt\u00f6ss\u00e4. Tarjoamme lis\u00e4varusteina lasten turvaistuimia ja navigaattoreita.<\/span><\/h4>\n<h4><span style=\"font-family: tahoma, arial, helvetica, sans-serif; font-size: small;\">Ylhalla sivustollamme voit tehd\u00e4 varauksesi 24 h. Kun saamme varauksesi, vahvistamme sen sinulle tarkistettuamme auton saatavuuden ja vahvistamme sinulle my\u00f6s autoluokan. Voit soittaa my\u00f6s suoraan toimistoihimme. Pitkiss\u00e4 vuokrauksissa, kysy tarjous s\u00e4hk\u00f6postilla!<\/span><\/h4>\n<h4><span style=\"font-family: tahoma, arial, helvetica, sans-serif; font-size: small;\">Bulvarin hinnoittelu on selke\u00e4\u00e4, eik\u00e4 hintoihin lis\u00e4t\u00e4 mit\u00e4\u00e4n yll\u00e4tt\u00e4vi\u00e4 lis\u00e4maksuja. Vuokra-auton voi vied\u00e4 toiseen maahan.<\/span><\/h4>\n<h4><span style=\"font-family: tahoma, arial, helvetica, sans-serif; font-size: small;\">Hyv\u00e4\u00e4 autoilua!<\/span><\/h4>\n<table style=\"width: 600px;\" border=\"0\" cellspacing=\"3\" cellpadding=\"5\">\n<tbody>\n<tr>\n<td>\n<h3><span style=\"text-decoration: underline;\"><span style=\"font-size: small; color: #ff0000;\"><a title=\"Rental cars\" href=\"\/?product_cat=rental-cars\"><span style=\"color: #ff0000; text-decoration: underline;\">RENTAL CARS<\/span><\/a><\/span><span style=\"color: #ff0000; font-size: small;\"><span style=\"color: #ff0000; text-decoration: underline;\"> (18)<\/span><\/span><\/span><\/h3>\n<p>Meill\u00e4 on manuaalivaihteisia ja automaatti- vaihteisia henkil\u00f6\u00a0autoja.<\/p>\n<p>Kalustomme on hyvin varustettua, esimerkiksi kaikissa autoissa on ilmastointi, keskuslukitus sek\u00e4 radio\/cd \u2013 soitin.<\/td>\n<td>\n<p><div id=\"attachment_873\" style=\"width: 280px\" class=\"wp-caption alignright\"><a href=\"https:\/\/tallinn.carestonia.eu\/wp-content\/uploads\/2013\/10\/volvo-s80-aut-I3.jpg\"><img loading=\"lazy\" decoding=\"async\" aria-describedby=\"caption-attachment-873\" class=\" wp-image-873 \" title=\"CAR RENTAL ESTONIA\" src=\"https:\/\/tallinn.carestonia.eu\/wp-content\/uploads\/2013\/10\/volvo-s80-aut-I3.jpg\" alt=\"Car Rental Estonia\" width=\"270\" height=\"200\" \/><\/a><p id=\"caption-attachment-873\" class=\"wp-caption-text\">Car rental Estonia<\/p><\/div><\/td>\n<\/tr>\n<tr>\n<td>\n<h3><span style=\"text-decoration: underline;\"><span style=\"font-size: small; color: #ff0000;\"><a title=\"Minibus rental\" href=\"\/?product_cat=minibus-rental\"><span style=\"color: #ff0000; text-decoration: underline;\">MINIBUS RENTAL<\/span><\/a><\/span><span style=\"color: #ff0000; font-size: small;\"><span style=\"color: #ff0000; text-decoration: underline;\"> (5)<\/span><\/span><\/span><\/h3>\n<p><span style=\"font-size: small;\">Valikoimastamme l\u00f6ytyy pikkuautoista farmareihin ja pakettiautoista pikkubusseihin. Pikkubussimme ovat dieselk\u00e4ytt\u00f6isi\u00e4 ja B-kortilla ajettavia. Pitk\u00e4 malli ja 1+8 hengelle.\u00a0<\/span><\/td>\n<td>\u00a0<a href=\"https:\/\/tallinn.carestonia.eu\/wp-content\/uploads\/2013\/10\/Opel-Vivaro-II3.jpg\"><img loading=\"lazy\" decoding=\"async\" class=\"alignright wp-image-1256\" title=\"MINIBUS RENTAL\" src=\"http:\/\/bulvar.ee\/wp-content\/uploads\/2013\/10\/Opel-Vivaro-II3.jpg\" alt=\"MINIBUS RENTAL\" width=\"270\" height=\"170\" \/><\/a><\/td>\n<\/tr>\n<tr>\n<td>\n<h3><span style=\"text-decoration: underline;\"><span style=\"font-size: small; color: #ff0000;\"><a title=\"Cargo van rental\" href=\"\/?product_cat=cargo-van-rental\"><span style=\"color: #ff0000; text-decoration: underline;\">CARGO VAN RENTAL<\/span><\/a><\/span><span style=\"color: #ff0000; font-size: small;\"><span style=\"color: #ff0000; text-decoration: underline;\"> (8)<\/span><\/span><\/span><\/h3>\n<p>N\u00e4m\u00e4 autot ovat hyvi\u00e4 valintoja matkoille, t\u00f6ihin tai vapaa-aikaan, silloin kun tarvitset enemm\u00e4n tilaa. N\u00e4m\u00e4 autot ovat 2+1 &#8211; paikkainen. Autoa saa ajaa B-kortilla ja ne ovat diesel-k\u00e4ytt\u00f6isi\u00e4.<\/td>\n<td><a href=\"https:\/\/tallinn.carestonia.eu\/wp-content\/uploads\/2013\/10\/Renault-Traffic-Ia1.jpg\"><img loading=\"lazy\" decoding=\"async\" class=\"alignright wp-image-603\" title=\"CARGO VAN RENTAL\" src=\"https:\/\/tallinn.carestonia.eu\/wp-content\/uploads\/2013\/10\/Renault-Traffic-Ia1.jpg\" alt=\"CARGO VAN RENTAL\" width=\"270\" height=\"200\" \/><\/a><\/td>\n<\/tr>\n<\/tbody>\n<\/table>\n<p><img loading=\"lazy\" decoding=\"async\" class=\"aligncenter size-full wp-image-1957\" src=\"https:\/\/tallinn.carestonia.eu\/wp-content\/uploads\/2013\/10\/autode1.jpg\" alt=\"Autode rent - Bulvar autorent\" width=\"663\" height=\"100\" srcset=\"https:\/\/tallinn.carestonia.eu\/wp-content\/uploads\/2013\/10\/autode1.jpg 663w, https:\/\/tallinn.carestonia.eu\/wp-content\/uploads\/2013\/10\/autode1-300x45.jpg 300w\" sizes=\"(max-width: 663px) 100vw, 663px\" \/><\/p>\n","protected":false},"excerpt":{"rendered":"<p>Tervetuloa Bulvar autonvuokraus sivuille ja tutustumaan vuokra-automallistoomme! 21\u00a0YEARS ON THE MARKET \u00a0 \u00a0 \u00a0\u00a0&#8211; \u00a0Autoilu \u00a0&#8211; Haluamme toimia nopeasti, joustavasti ja luotettavasti l\u00e4htee asiakkaan tarpeista. Yritt\u00e4jyys ja ahkeruus luovat pohjan jatkuvalle kehittymiselle sek\u00e4 mahdollistaa laadukkaat mutta edulliset palvelumme. Meill\u00e4 on manuaalivaihteisia ja automaattivaihteisia autoja. Valitset vain omaan tarpeeseesi sopivan kulkuneuvon. Valitse vain varausj\u00e4rjestelm\u00e4st\u00e4mme toivomasi vuokraus [&hellip;]<\/p>\n","protected":false},"author":6,"featured_media":0,"parent":0,"menu_order":0,"comment_status":"closed","ping_status":"closed","template":"","meta":{"footnotes":""},"class_list":["post-1624","page","type-page","status-publish","hentry"],"_links":{"self":[{"href":"https:\/\/tallinn.carestonia.eu\/fi\/wp-json\/wp\/v2\/pages\/1624"}],"collection":[{"href":"https:\/\/tallinn.carestonia.eu\/fi\/wp-json\/wp\/v2\/pages"}],"about":[{"href":"https:\/\/tallinn.carestonia.eu\/fi\/wp-json\/wp\/v2\/types\/page"}],"author":[{"embeddable":true,"href":"https:\/\/tallinn.carestonia.eu\/fi\/wp-json\/wp\/v2\/users\/6"}],"replies":[{"embeddable":true,"href":"https:\/\/tallinn.carestonia.eu\/fi\/wp-json\/wp\/v2\/comments?post=1624"}],"version-history":[{"count":52,"href":"https:\/\/tallinn.carestonia.eu\/fi\/wp-json\/wp\/v2\/pages\/1624\/revisions"}],"predecessor-version":[{"id":7538,"href":"https:\/\/tallinn.carestonia.eu\/fi\/wp-json\/wp\/v2\/pages\/1624\/revisions\/7538"}],"wp:attachment":[{"href":"https:\/\/tallinn.carestonia.eu\/fi\/wp-json\/wp\/v2\/media?parent=1624"}],"curies":[{"name":"wp","href":"https:\/\/api.w.org\/{rel}","templated":true}]}}