{"id":1626,"date":"2013-10-17T11:50:51","date_gmt":"2013-10-17T09:50:51","guid":{"rendered":"http:\/\/bulvar.veebikoda.com\/?page_id=1626"},"modified":"2023-03-27T12:56:55","modified_gmt":"2023-03-27T10:56:55","slug":"autovuokraamo_bulvar","status":"publish","type":"page","link":"https:\/\/tallinn.carestonia.eu\/fi\/autovuokraamo_bulvar\/","title":{"rendered":"Autovuokraamo Bulvar"},"content":{"rendered":"<p style=\"text-align: right;\"><span style=\"color: #999999;\">&#8211; Autovuokraamo Bulvar &#8211;<\/span><\/p>\n<div id=\"attachment_6245\" style=\"width: 160px\" class=\"wp-caption alignright\"><a href=\"https:\/\/tallinn.carestonia.eu\/wp-content\/uploads\/2017\/06\/Edukas-Eesti-ettev\u00f5tte.png\"><img loading=\"lazy\" decoding=\"async\" aria-describedby=\"caption-attachment-6245\" class=\"wp-image-6245 size-thumbnail\" title=\"Autovuokraamo Bulvar\" src=\"https:\/\/tallinn.carestonia.eu\/wp-content\/uploads\/2017\/06\/Edukas-Eesti-ettev\u00f5tte-150x150.png\" alt=\"Autovuokraamo Bulvar\" width=\"150\" height=\"150\" srcset=\"https:\/\/tallinn.carestonia.eu\/wp-content\/uploads\/2017\/06\/Edukas-Eesti-ettev\u00f5tte-150x150.png 150w, https:\/\/tallinn.carestonia.eu\/wp-content\/uploads\/2017\/06\/Edukas-Eesti-ettev\u00f5tte-100x100.png 100w, https:\/\/tallinn.carestonia.eu\/wp-content\/uploads\/2017\/06\/Edukas-Eesti-ettev\u00f5tte-300x300.png 300w, https:\/\/tallinn.carestonia.eu\/wp-content\/uploads\/2017\/06\/Edukas-Eesti-ettev\u00f5tte.png 709w\" sizes=\"(max-width: 150px) 100vw, 150px\" \/><\/a><p id=\"caption-attachment-6245\" class=\"wp-caption-text\">Korkea luottoluokitus yhti\u00f6<\/p><\/div>\n<p><a href=\"https:\/\/tallinn.carestonia.eu\/kontakt\/\"><img loading=\"lazy\" decoding=\"async\" class=\"alignleft wp-image-126 size-full\" title=\"Autovuokraamo Bulvar\" src=\"https:\/\/tallinn.carestonia.eu\/wp-content\/uploads\/2013\/10\/autorent.jpg\" alt=\"Autovuokraamo Bulvar\" width=\"114\" height=\"82\" \/><\/a><\/p>\n<p>Tervetuloa autovuokraamo Bulvar Auto-Rent sivuille ja tutustumaan vuokra-automallistoomme!<\/p>\n<p>Etsitp\u00e4 sitten lyhytaikaista tai melko pitk\u00e4\u00e4n vuokrauspalvelut. Automme ovat p\u00e4\u00e4asiassa ilmastoituja sek\u00e4 hyvin varusteltuja.\u00a0Meilt\u00e4 on saatavana laaja valikoima autojen erillaisia lis\u00e4varusteita.\u00a0GPS-navigaattori auttaa sinua l\u00f6yt\u00e4m\u00e4\u00e4n m\u00e4\u00e4r\u00e4np\u00e4\u00e4h\u00e4n nopeammin ja v\u00e4ltyt kiusalliselta etsimiselt\u00e4.<\/p>\n<h4><strong>Bulvarin hinnoittelu on selke\u00e4\u00e4, eik\u00e4 hintoihin lis\u00e4t\u00e4 mit\u00e4\u00e4n yll\u00e4tt\u00e4vi\u00e4 lis\u00e4maksuja. Vuokra-auton voi vied\u00e4 toiseen maahan.<\/strong><\/h4>\n<p>L\u00e4het\u00e4 alla olevien lis\u00e4palveluiden tai lis\u00e4varusteiden koskevat <span style=\"color: #3366ff;\"><strong><a style=\"color: #3366ff;\" title=\"Bulvar Autorent yhteystiedot\" href=\"\/?page_id=1628\">kysymykset t\u00e4st\u00e4:<\/a><\/strong><\/span><\/p>\n<h2 style=\"text-align: center;\"><span style=\"color: #808080;\">&#8211; Autovuokraamo Bulvar \u00a0&#8211;<\/span><\/h2>\n<p><img loading=\"lazy\" decoding=\"async\" class=\"aligncenter size-full wp-image-1957\" src=\"https:\/\/tallinn.carestonia.eu\/wp-content\/uploads\/2013\/10\/autode1.jpg\" alt=\"Autode rent - Bulvar autorent\" width=\"663\" height=\"100\" srcset=\"https:\/\/tallinn.carestonia.eu\/wp-content\/uploads\/2013\/10\/autode1.jpg 663w, https:\/\/tallinn.carestonia.eu\/wp-content\/uploads\/2013\/10\/autode1-300x45.jpg 300w\" sizes=\"(max-width: 663px) 100vw, 663px\" \/><\/p>\n","protected":false},"excerpt":{"rendered":"<p>&#8211; Autovuokraamo Bulvar &#8211; Tervetuloa autovuokraamo Bulvar Auto-Rent sivuille ja tutustumaan vuokra-automallistoomme! Etsitp\u00e4 sitten lyhytaikaista tai melko pitk\u00e4\u00e4n vuokrauspalvelut. Automme ovat p\u00e4\u00e4asiassa ilmastoituja sek\u00e4 hyvin varusteltuja.\u00a0Meilt\u00e4 on saatavana laaja valikoima autojen erillaisia lis\u00e4varusteita.\u00a0GPS-navigaattori auttaa sinua l\u00f6yt\u00e4m\u00e4\u00e4n m\u00e4\u00e4r\u00e4np\u00e4\u00e4h\u00e4n nopeammin ja v\u00e4ltyt kiusalliselta etsimiselt\u00e4. Bulvarin hinnoittelu on selke\u00e4\u00e4, eik\u00e4 hintoihin lis\u00e4t\u00e4 mit\u00e4\u00e4n yll\u00e4tt\u00e4vi\u00e4 lis\u00e4maksuja. Vuokra-auton voi vied\u00e4 [&hellip;]<\/p>\n","protected":false},"author":6,"featured_media":0,"parent":0,"menu_order":0,"comment_status":"closed","ping_status":"closed","template":"","meta":{"footnotes":""},"class_list":["post-1626","page","type-page","status-publish","hentry"],"_links":{"self":[{"href":"https:\/\/tallinn.carestonia.eu\/fi\/wp-json\/wp\/v2\/pages\/1626"}],"collection":[{"href":"https:\/\/tallinn.carestonia.eu\/fi\/wp-json\/wp\/v2\/pages"}],"about":[{"href":"https:\/\/tallinn.carestonia.eu\/fi\/wp-json\/wp\/v2\/types\/page"}],"author":[{"embeddable":true,"href":"https:\/\/tallinn.carestonia.eu\/fi\/wp-json\/wp\/v2\/users\/6"}],"replies":[{"embeddable":true,"href":"https:\/\/tallinn.carestonia.eu\/fi\/wp-json\/wp\/v2\/comments?post=1626"}],"version-history":[{"count":17,"href":"https:\/\/tallinn.carestonia.eu\/fi\/wp-json\/wp\/v2\/pages\/1626\/revisions"}],"predecessor-version":[{"id":7344,"href":"https:\/\/tallinn.carestonia.eu\/fi\/wp-json\/wp\/v2\/pages\/1626\/revisions\/7344"}],"wp:attachment":[{"href":"https:\/\/tallinn.carestonia.eu\/fi\/wp-json\/wp\/v2\/media?parent=1626"}],"curies":[{"name":"wp","href":"https:\/\/api.w.org\/{rel}","templated":true}]}}