{"id":1628,"date":"2013-10-17T11:52:27","date_gmt":"2013-10-17T09:52:27","guid":{"rendered":"http:\/\/bulvar.veebikoda.com\/?page_id=1628"},"modified":"2025-02-24T00:59:42","modified_gmt":"2025-02-23T22:59:42","slug":"bulvar-autorent-autoilu-yhteystiedot","status":"publish","type":"page","link":"https:\/\/tallinn.carestonia.eu\/fi\/bulvar-autorent-autoilu-yhteystiedot\/","title":{"rendered":"Bulvar Autorent yhteystiedot"},"content":{"rendered":"<div class=\"twocol-one\">\n<h3>Falcomar O\u00dc<\/h3>\n<p>Regati pst 1, Tallinn 11911 Eesti<\/p>\n<p>Tel: +372 5030 222<\/p>\n<p>E-mail: info(at)bulvar.ee<\/p>\n<p><iframe loading=\"lazy\" src=\"https:\/\/maps.google.com\/maps\/ms?msid=216966113472864678437.0004cbb17f6d1c7f7ffa0&amp;msa=0&amp;ie=UTF8&amp;t=m&amp;source=embed&amp;ll=59.465424,24.823179&amp;spn=0.005451,0.03047&amp;z=15&amp;output=embed\" width=\"310\" height=\"256\" frameborder=\"0\" marginwidth=\"0\" marginheight=\"0\" scrolling=\"no\"><\/iframe><br \/>\n<small>View <a style=\"color: #0000ff; text-align: left;\" href=\"https:\/\/maps.google.com\/maps\/ms?msid=216966113472864678437.0004cbb17f6d1c7f7ffa0&amp;msa=0&amp;ie=UTF8&amp;t=m&amp;source=embed&amp;ll=59.465424,24.823179&amp;spn=0.005451,0.03047&amp;z=15\">Autorent Tallinn<\/a> in a larger map<\/small><\/p>\n<\/div> <div class=\"twocol-one last\">\n<p>T\u00e4yt\u00e4 kaikki * merkityt kent\u00e4t!<\/p>\n<div class=\"caldera-grid\" id=\"caldera_form_1\" data-cf-ver=\"1.9.6\" data-cf-form-id=\"CF5bf28e97884b5\"><div id=\"caldera_notices_1\" data-spinner=\"https:\/\/tallinn.carestonia.eu\/wp-admin\/images\/spinner.gif\"><\/div><form data-instance=\"1\" class=\"CF5bf28e97884b5 caldera_forms_form cfajax-trigger\" method=\"POST\" enctype=\"multipart\/form-data\" id=\"CF5bf28e97884b5_1\" data-form-id=\"CF5bf28e97884b5\" aria-label=\"Kontakt FIN\" data-target=\"#caldera_notices_1\" data-template=\"#cfajax_CF5bf28e97884b5-tmpl\" data-cfajax=\"CF5bf28e97884b5\" data-load-element=\"_parent\" data-load-class=\"cf_processing\" data-post-disable=\"0\" data-action=\"cf_process_ajax_submit\" data-request=\"https:\/\/tallinn.carestonia.eu\/fi\/\/cf-api\/CF5bf28e97884b5\" data-hiderows=\"true\">\r\n<input type=\"hidden\" id=\"_cf_verify_CF5bf28e97884b5\" name=\"_cf_verify\" value=\"3e7410acc0\"  data-nonce-time=\"1776138887\" \/><input type=\"hidden\" name=\"_wp_http_referer\" value=\"\/fi\/wp-json\/wp\/v2\/pages\/1628\" \/><div id=\"cf2-CF5bf28e97884b5_1\"><\/div><input type=\"hidden\" name=\"_cf_frm_id\" value=\"CF5bf28e97884b5\">\r\n<input type=\"hidden\" name=\"_cf_frm_ct\" value=\"1\">\r\n<input type=\"hidden\" name=\"cfajax\" value=\"CF5bf28e97884b5\">\r\n<input type=\"hidden\" name=\"_cf_cr_pst\" value=\"1628\">\r\n<div class=\"hide\" style=\"display:none; overflow:hidden;height:0;width:0;\">\r\n<label>Web Site<\/label><input type=\"text\" name=\"web_site\" value=\"\" autocomplete=\"off\">\r\n<\/div><div id=\"CF5bf28e97884b5_1-row-1\"  class=\"row  single\"><div  class=\"col-sm-12  single\"><div data-field-wrapper=\"fld_2694121\" class=\"form-group\" id=\"fld_2694121_1-wrap\">\r\n\t<label id=\"fld_2694121Label\" for=\"fld_2694121_1\" class=\"control-label screen-reader-text sr-only\">Ees- ja perekonnanimi<\/label>\r\n\t<div class=\"\">\r\n\t\t<input placeholder=\"Tilajaan nimi *\"  required type=\"text\" data-field=\"fld_2694121\" class=\" form-control\" id=\"fld_2694121_1\" name=\"fld_2694121\" value=\"\" data-type=\"text\" aria-required=\"true\"   aria-labelledby=\"fld_2694121Label\" >\t\t\t<\/div>\r\n<\/div>\r\n<div data-field-wrapper=\"fld_9642384\" class=\"form-group\" id=\"fld_9642384_1-wrap\">\r\n\t<label id=\"fld_9642384Label\" for=\"fld_9642384_1\" class=\"control-label screen-reader-text sr-only\">E-mail<\/label>\r\n\t<div class=\"\">\r\n\t\t<input placeholder=\"S\u00e4hkoposti *\"  required type=\"email\" data-field=\"fld_9642384\" class=\" form-control\" id=\"fld_9642384_1\" name=\"fld_9642384\" value=\"\" data-type=\"email\" aria-required=\"true\"   aria-labelledby=\"fld_9642384Label\" >\t\t\t<\/div>\r\n<\/div>\r\n<div data-field-wrapper=\"fld_3600133\" class=\"form-group\" id=\"fld_3600133_1-wrap\">\r\n\t<label id=\"fld_3600133Label\" for=\"fld_3600133_1\" class=\"control-label screen-reader-text sr-only\">Telefon<\/label>\r\n\t<div class=\"\">\r\n\t\t<input placeholder=\"Puhelin *\"  required type=\"text\" data-field=\"fld_3600133\" class=\" form-control\" id=\"fld_3600133_1\" name=\"fld_3600133\" value=\"\" data-type=\"text\" aria-required=\"true\"   aria-labelledby=\"fld_3600133Label\" >\t\t\t<\/div>\r\n<\/div>\r\n<div data-field-wrapper=\"fld_6839492\" class=\"form-group\" id=\"fld_6839492_1-wrap\">\r\n\t<label id=\"fld_6839492Label\" for=\"fld_6839492_1\" class=\"control-label screen-reader-text sr-only\">S\u00f5num<\/label>\r\n\t<div class=\"\">\r\n\t\t<textarea name=\"fld_6839492\" value=\"\" data-field=\"fld_6839492\" class=\"form-control\" id=\"fld_6839492_1\" rows=\"5\" placeholder=\"Lisatieotja...\"    aria-labelledby=\"fld_6839492Label\" ><\/textarea>\n\t\t\t<\/div>\r\n<\/div>\r\n<div data-field-wrapper=\"fld_3803771\" class=\"form-group\" id=\"fld_3803771_1-wrap\">\r\n<div class=\"\">\r\n\t<input  class=\"btn btn-default\" type=\"submit\" name=\"fld_3803771\" id=\"fld_3803771_1\" value=\"L\u00e4het\u00e4\" data-field=\"fld_3803771\"  >\n<\/div>\r\n<\/div>\r\n\t<input class=\"button_trigger_1\" type=\"hidden\" name=\"fld_3803771\" id=\"fld_3803771_1_btn\" value=\"\" data-field=\"fld_3803771\"  \/>\n<\/div><\/div><\/form>\r\n<\/div>\r\n\n<\/div><div class=\"clear\"><\/div><\/p>\n","protected":false},"excerpt":{"rendered":"","protected":false},"author":6,"featured_media":0,"parent":0,"menu_order":0,"comment_status":"closed","ping_status":"closed","template":"","meta":{"footnotes":""},"class_list":["post-1628","page","type-page","status-publish","hentry"],"_links":{"self":[{"href":"https:\/\/tallinn.carestonia.eu\/fi\/wp-json\/wp\/v2\/pages\/1628"}],"collection":[{"href":"https:\/\/tallinn.carestonia.eu\/fi\/wp-json\/wp\/v2\/pages"}],"about":[{"href":"https:\/\/tallinn.carestonia.eu\/fi\/wp-json\/wp\/v2\/types\/page"}],"author":[{"embeddable":true,"href":"https:\/\/tallinn.carestonia.eu\/fi\/wp-json\/wp\/v2\/users\/6"}],"replies":[{"embeddable":true,"href":"https:\/\/tallinn.carestonia.eu\/fi\/wp-json\/wp\/v2\/comments?post=1628"}],"version-history":[{"count":5,"href":"https:\/\/tallinn.carestonia.eu\/fi\/wp-json\/wp\/v2\/pages\/1628\/revisions"}],"predecessor-version":[{"id":6550,"href":"https:\/\/tallinn.carestonia.eu\/fi\/wp-json\/wp\/v2\/pages\/1628\/revisions\/6550"}],"wp:attachment":[{"href":"https:\/\/tallinn.carestonia.eu\/fi\/wp-json\/wp\/v2\/media?parent=1628"}],"curies":[{"name":"wp","href":"https:\/\/api.w.org\/{rel}","templated":true}]}}