{"id":1639,"date":"2013-10-17T12:07:03","date_gmt":"2013-10-17T10:07:03","guid":{"rendered":"http:\/\/bulvar.veebikoda.com\/?page_id=1639"},"modified":"2021-06-07T22:38:28","modified_gmt":"2021-06-07T20:38:28","slug":"kuljettajapalvelut","status":"publish","type":"page","link":"https:\/\/tallinn.carestonia.eu\/fi\/kuljettajapalvelut\/","title":{"rendered":"Kuljettajapalvelut"},"content":{"rendered":"<p><a href=\"https:\/\/www.balticcar.ee\/autopesula\/fin\/\"><img loading=\"lazy\" decoding=\"async\" class=\"alignleft wp-image-3154 size-full\" src=\"https:\/\/tallinn.carestonia.eu\/wp-content\/uploads\/2013\/10\/juhiga-autorent.jpg\" alt=\"Kuljettajapalvelut\" width=\"260\" height=\"300\" \/><\/a><\/p>\n<p style=\"text-align: right;\"><span style=\"color: #999999;\">Kuljettajapalvelut<\/span><\/p>\n<p>Jatka matkaa satamasta suoraan hotelliin tai toiseen kaupunkiin. Lis\u00e4ksi tarjoamme teille toiveidenne mukaisia matkoja my\u00f6s Viron rajojen ulkopuolelle.<\/p>\n<p>Kokeneet ja kielitaitoiset kuljettajamme tarvittaessa vastaanottavat vieraanne sek\u00e4 suorittavat kuljetuksen sujumisen luotettavasti sek\u00e4 joustavasti, l\u00e4helle tai kauemmas. Mik\u00e4\u00e4n kuljetus ei ole meille liian pieni tai suuri.<\/p>\n<p>Halutessasi voit pyyt\u00e4\u00e4 kokonaisvaltaisempaa kuljettajapalvelua. N\u00e4m\u00e4 palvelut ovat kuitenkin yksinkertaisimmillaan pelkk\u00e4 kuljetus lentokent\u00e4lt\u00e4 hotelliisi tai kokouspaikalle.<\/p>\n<h3><\/h3>\n<h3><strong><span style=\"color: #1e90ff;\"><a style=\"color: #1e90ff;\" title=\"Bulvar Autorent yhteystiedot\" href=\"\/?page_id=1628\">Kysyk\u00e4\u00e4 my\u00f6s lis\u00e4palveluistamme!<\/a><\/span><\/strong><\/h3>\n<h3><span style=\"font-size: 20px;\">\u00a0<\/span><\/h3>\n<h4><span style=\"font-size: 20px;\"><a title=\"kuljettajapalvelut\" href=\"http:\/\/bulvar.ee\/fi\/kuljettajapalvelut\/\">Kuljettajapalvelu<\/a><\/span>\u00a0<span style=\"font-size: 20px;\"><span style=\"color: #ff0000;\">alkaen 3 tunti:<\/span><\/span><\/h4>\n<table style=\"border-collapse: collapse; width: 74.6388%; height: 49px;\">\n<tbody>\n<tr>\n<td style=\"width: 49.5387%;\">Kesklassi auto<\/td>\n<td style=\"width: 84.0135%;\">20\u20ac \/ H<\/td>\n<\/tr>\n<tr>\n<td style=\"width: 49.5387%;\">Esindusauto<\/td>\n<td style=\"width: 84.0135%;\">24\u20ac \/ H<\/td>\n<\/tr>\n<tr>\n<td style=\"width: 49.5387%;\">Kaubik<\/td>\n<td style=\"width: 84.0135%;\">20\u20ac \/ H<\/td>\n<\/tr>\n<tr>\n<td style=\"width: 49.5387%;\">V\u00e4ikebuss<\/td>\n<td style=\"width: 84.0135%;\">28\u20ac \/ H<\/td>\n<\/tr>\n<\/tbody>\n<\/table>\n<h4><span style=\"font-size: 20px;\"><a title=\"kuljettajapalvelut\" href=\"http:\/\/bulvar.ee\/fi\/kuljettajapalvelut\/\">Kuljettajapalvelu<\/a><\/span>\u00a0<span style=\"font-size: 20px;\"><span style=\"color: #ff0000;\">alkaen 6 tunti:<\/span><\/span><\/h4>\n<table style=\"border-collapse: collapse; width: 74.6429%; height: 49px;\">\n<tbody>\n<tr>\n<td style=\"width: 49.2157%;\">Kesklassi auto<\/td>\n<td style=\"width: 87.4473%;\">18\u20ac \/ H<\/td>\n<\/tr>\n<tr>\n<td style=\"width: 49.2157%;\">Esindusauto<\/td>\n<td style=\"width: 87.4473%;\">22\u20ac \/ H<\/td>\n<\/tr>\n<tr>\n<td style=\"width: 49.2157%;\">Kaubik<\/td>\n<td style=\"width: 87.4473%;\">18\u20ac \/ H<\/td>\n<\/tr>\n<tr>\n<td style=\"width: 49.2157%;\">V\u00e4ikebuss<\/td>\n<td style=\"width: 87.4473%;\">25\u20ac \/ H<\/td>\n<\/tr>\n<\/tbody>\n<\/table>\n<p>* <span style=\"color: #888888;\"><span style=\"font-size: xx-small; color: #ffffff;\">h<\/span><\/span>Ei sis\u00e4ll\u00e4 polttoaineen hintaa.<\/p>\n<hr \/>\n<p><span style=\"font-size: large; color: #1e90ff;\"><a title=\"yhdensuuntainen vuokraus\" href=\"http:\/\/bulvar.ee\/fi\/yhdensuuntainen-vuokraus\/\"><span style=\"color: #1e90ff;\">Yhdensuuntainen vuokraus<\/span><\/a> kaupungista toiseen<\/span><\/p>\n<ul>\n<li>Tartu<\/li>\n<li>Riia<\/li>\n<li>Vilnius<\/li>\n<li>Kaunas<\/li>\n<li>Helsinki<\/li>\n<li>Vantaa<\/li>\n<li>Stockholm<\/li>\n<li>Praha<\/li>\n<li>Berliin<\/li>\n<li>Frankfurt<\/li>\n<\/ul>\n<p>Jos haluat vuokrata auton yhdess\u00e4 kaupungissa ja j\u00e4tt\u00e4\u00e4 sen toiseen, eri paikkaan kuin mist\u00e4 sen vuokrasit niin k\u00e4tevin tapa on valita yksisuuntainen vuokrata.<\/p>\n<p>Kysy lis\u00e4\u00e4 vuokrauksen hinnoista, yhdensuuntaisen vuokrauksen veloitus mukaan lukien.<\/p>\n","protected":false},"excerpt":{"rendered":"<p>Kuljettajapalvelut Jatka matkaa satamasta suoraan hotelliin tai toiseen kaupunkiin. Lis\u00e4ksi tarjoamme teille toiveidenne mukaisia matkoja my\u00f6s Viron rajojen ulkopuolelle. Kokeneet ja kielitaitoiset kuljettajamme tarvittaessa vastaanottavat vieraanne sek\u00e4 suorittavat kuljetuksen sujumisen luotettavasti sek\u00e4 joustavasti, l\u00e4helle tai kauemmas. Mik\u00e4\u00e4n kuljetus ei ole meille liian pieni tai suuri. Halutessasi voit pyyt\u00e4\u00e4 kokonaisvaltaisempaa kuljettajapalvelua. N\u00e4m\u00e4 palvelut ovat kuitenkin yksinkertaisimmillaan [&hellip;]<\/p>\n","protected":false},"author":6,"featured_media":0,"parent":0,"menu_order":0,"comment_status":"closed","ping_status":"closed","template":"","meta":{"footnotes":""},"class_list":["post-1639","page","type-page","status-publish","hentry"],"_links":{"self":[{"href":"https:\/\/tallinn.carestonia.eu\/fi\/wp-json\/wp\/v2\/pages\/1639"}],"collection":[{"href":"https:\/\/tallinn.carestonia.eu\/fi\/wp-json\/wp\/v2\/pages"}],"about":[{"href":"https:\/\/tallinn.carestonia.eu\/fi\/wp-json\/wp\/v2\/types\/page"}],"author":[{"embeddable":true,"href":"https:\/\/tallinn.carestonia.eu\/fi\/wp-json\/wp\/v2\/users\/6"}],"replies":[{"embeddable":true,"href":"https:\/\/tallinn.carestonia.eu\/fi\/wp-json\/wp\/v2\/comments?post=1639"}],"version-history":[{"count":20,"href":"https:\/\/tallinn.carestonia.eu\/fi\/wp-json\/wp\/v2\/pages\/1639\/revisions"}],"predecessor-version":[{"id":7143,"href":"https:\/\/tallinn.carestonia.eu\/fi\/wp-json\/wp\/v2\/pages\/1639\/revisions\/7143"}],"wp:attachment":[{"href":"https:\/\/tallinn.carestonia.eu\/fi\/wp-json\/wp\/v2\/media?parent=1639"}],"curies":[{"name":"wp","href":"https:\/\/api.w.org\/{rel}","templated":true}]}}