{"id":1645,"date":"2013-10-17T12:10:09","date_gmt":"2013-10-17T10:10:09","guid":{"rendered":"http:\/\/bulvar.veebikoda.com\/?page_id=1645"},"modified":"2021-03-20T18:07:56","modified_gmt":"2021-03-20T16:07:56","slug":"yhdensuuntainen-vuokraus","status":"publish","type":"page","link":"https:\/\/tallinn.carestonia.eu\/fi\/yhdensuuntainen-vuokraus\/","title":{"rendered":"Yhdensuuntainen vuokraus"},"content":{"rendered":"<p>Jos haluat vuokrata auton yhdess\u00e4 kaupungissa ja j\u00e4tt\u00e4\u00e4 sen toiseen, eri paikkaan kuin mist\u00e4 sen vuokrasit niin k\u00e4tevin tapa on valita yksisuuntainen vuokrata.<\/p>\n<p>Kysy lis\u00e4\u00e4 vuokrauksen hinnoista, yhdensuuntaisen vuokrauksen veloitus mukaan lukien.<\/p>\n<h1><span style=\"font-size: medium; color: #1e90ff;\"><a title=\"yhdensuuntainen vuokraus\" href=\"http:\/\/bulvar.ee\/fi\/yhdensuuntainen-vuokraus\/\" target=\"_blank\" rel=\"noopener\"><span style=\"color: #1e90ff;\">Yhdensuuntainen vuokraus<\/span><\/a> kaupungista toiseen<\/span><\/h1>\n<ul>\n<li style=\"text-align: left;\"><a href=\"https:\/\/tallinn.carestonia.eu\/wp-content\/uploads\/2013\/10\/juhiga-autorent.jpg\"><img loading=\"lazy\" decoding=\"async\" class=\"alignright wp-image-3154 size-full\" src=\"https:\/\/tallinn.carestonia.eu\/wp-content\/uploads\/2013\/10\/juhiga-autorent.jpg\" alt=\"Yhdensuuntainen vuokraus\" width=\"260\" height=\"300\" \/><\/a>Tartu<\/li>\n<li style=\"text-align: left;\">Riia<\/li>\n<li style=\"text-align: left;\">Vilnius<\/li>\n<li style=\"text-align: left;\">Kaunas<\/li>\n<li style=\"text-align: left;\">Helsinki<\/li>\n<li style=\"text-align: left;\">Vantaa<\/li>\n<li style=\"text-align: left;\">Stockholm<\/li>\n<li style=\"text-align: left;\">Praha<\/li>\n<li style=\"text-align: left;\">Berliin<\/li>\n<li style=\"text-align: left;\">Frankfurt<\/li>\n<\/ul>\n<p>Jatka matkaa satamasta suoraan hotelliin tai toiseen kaupunkiin. Lis\u00e4ksi tarjoamme teille toiveidenne mukaisia matkoja my\u00f6s Viron rajojen ulkopuolelle.<\/p>\n<p>Kokeneet ja kielitaitoiset kuljettajamme tarvittaessa vastaanottavat vieraanne sek\u00e4 suorittavat kuljetuksen sujumisen luotettavasti sek\u00e4 joustavasti, l\u00e4helle tai kauemmas. Mik\u00e4\u00e4n kuljetus ei ole meille liian pieni tai suuri.<\/p>\n<p>Halutessasi voit pyyt\u00e4\u00e4 kokonaisvaltaisempaa kuljettajapalvelua. N\u00e4m\u00e4 palvelut ovat kuitenkin yksinkertaisimmillaan pelkk\u00e4 kuljetus lentokent\u00e4lt\u00e4 hotelliisi tai kokouspaikalle.<\/p>\n<p><a title=\"Bulvar Autorent yhteystiedot\" href=\"\/?page_id=1628\">Kysyk\u00e4\u00e4 my\u00f6s lis\u00e4palveluistamme!<\/a><\/p>\n<h1><span style=\"font-size: medium;\"><a title=\"kuljettajapalvelut\" href=\"http:\/\/bulvar.ee\/fi\/kuljettajapalvelut\/\">Kuljettajapalvelu<span style=\"color: #ffffff;\">t<\/span><\/a>\u00a0\u00a0<span style=\"color: #ff0000;\">alkaen 3 tunti:<\/span><\/span><\/h1>\n<p>Renault Megane,\u00a0 Mazda 3 \u2013 15 EUR \/ tunti<br \/>\nAudi 4,\u00a0\u00a0 Mazda 6,\u00a0 Volvo S80 \u2013 18 EUR \/ tunti<br \/>\nRenault Master,\u00a0 Renault Trafic \u201313 EUR \/ tunti<\/p>\n<h1><span style=\"font-size: medium;\"><a title=\"kuljettajapalvelut\" href=\"http:\/\/bulvar.ee\/fi\/kuljettajapalvelut\/\">Kuljettajapalvelu<span style=\"color: #ffffff;\">t<\/span><\/a>\u00a0\u00a0<span style=\"color: #ff0000;\">alkaen 6 tunti:<\/span><\/span><\/h1>\n<p>Renault Megane,\u00a0 Mazda 3 \u2013 14 EUR \/ tunti<br \/>\nAudi 4,\u00a0\u00a0 Mazda 6,\u00a0 Volvo S80 \u2013 16 EUR \/ tunti<br \/>\nRenault Master,\u00a0 Renault Trafic\u00a0 \u2013\u00a0 12 EUR \/ tunti<\/p>\n<p>Ei sis\u00e4ll\u00e4 polttoaineen hintaa.<\/p>\n<hr \/>\n<p><span style=\"font-size: large; color: #1e90ff;\"><a title=\"yhdensuuntainen vuokraus\" href=\"http:\/\/bulvar.ee\/fi\/yhdensuuntainen-vuokraus\/\"><span style=\"color: #1e90ff;\">\u00a0<\/span><\/a><\/span><\/p>\n","protected":false},"excerpt":{"rendered":"<p>Jos haluat vuokrata auton yhdess\u00e4 kaupungissa ja j\u00e4tt\u00e4\u00e4 sen toiseen, eri paikkaan kuin mist\u00e4 sen vuokrasit niin k\u00e4tevin tapa on valita yksisuuntainen vuokrata. Kysy lis\u00e4\u00e4 vuokrauksen hinnoista, yhdensuuntaisen vuokrauksen veloitus mukaan lukien. Yhdensuuntainen vuokraus kaupungista toiseen Tartu Riia Vilnius Kaunas Helsinki Vantaa Stockholm Praha Berliin Frankfurt Jatka matkaa satamasta suoraan hotelliin tai toiseen kaupunkiin. Lis\u00e4ksi [&hellip;]<\/p>\n","protected":false},"author":6,"featured_media":0,"parent":0,"menu_order":0,"comment_status":"closed","ping_status":"closed","template":"","meta":{"footnotes":""},"class_list":["post-1645","page","type-page","status-publish","hentry"],"_links":{"self":[{"href":"https:\/\/tallinn.carestonia.eu\/fi\/wp-json\/wp\/v2\/pages\/1645"}],"collection":[{"href":"https:\/\/tallinn.carestonia.eu\/fi\/wp-json\/wp\/v2\/pages"}],"about":[{"href":"https:\/\/tallinn.carestonia.eu\/fi\/wp-json\/wp\/v2\/types\/page"}],"author":[{"embeddable":true,"href":"https:\/\/tallinn.carestonia.eu\/fi\/wp-json\/wp\/v2\/users\/6"}],"replies":[{"embeddable":true,"href":"https:\/\/tallinn.carestonia.eu\/fi\/wp-json\/wp\/v2\/comments?post=1645"}],"version-history":[{"count":6,"href":"https:\/\/tallinn.carestonia.eu\/fi\/wp-json\/wp\/v2\/pages\/1645\/revisions"}],"predecessor-version":[{"id":7107,"href":"https:\/\/tallinn.carestonia.eu\/fi\/wp-json\/wp\/v2\/pages\/1645\/revisions\/7107"}],"wp:attachment":[{"href":"https:\/\/tallinn.carestonia.eu\/fi\/wp-json\/wp\/v2\/media?parent=1645"}],"curies":[{"name":"wp","href":"https:\/\/api.w.org\/{rel}","templated":true}]}}