{"id":1664,"date":"2013-10-17T12:16:17","date_gmt":"2013-10-17T10:16:17","guid":{"rendered":"http:\/\/bulvar.veebikoda.com\/?page_id=1664"},"modified":"2021-03-20T18:07:24","modified_gmt":"2021-03-20T16:07:24","slug":"lisavarusteet","status":"publish","type":"page","link":"https:\/\/tallinn.carestonia.eu\/fi\/lisavarusteet\/","title":{"rendered":"Lis\u00e4varusteet"},"content":{"rendered":"<p>Bulvar Autonvuokraus toive on tarjota sinulle auton, pikkubussin tai pakettiauton vuokraus nopeasti ja helposti mukavasti.<\/p>\n<p>Kalustomme on hyvin varustettua, kaikissa vuokra-autoissa on ilmastointi, keskuslukitus. signalointi sek\u00e4 radio\/cd \u2013 soitin ja Viron kartta.\u00a0Tarjoamme lis\u00e4varusteina lasten turvaistuimia ja navigaattoreita.<\/p>\n<p>Jos olet kiinnostunut erikoislaitteist\u00e4, kerro siit\u00e4 tilauksesta meille toiveistasi auton.<\/p>\n<table border=\"0\" cellspacing=\"10\" cellpadding=\"10\">\n<tbody>\n<tr>\n<td>GPS-navikaatorit<\/td>\n<td>4,80 \u20ac \/ vrk<\/td>\n<\/tr>\n<tr>\n<td>Lasten istuimet 0-15 kg<\/td>\n<td>4,50 \u20ac \/ vrk<\/td>\n<\/tr>\n<tr>\n<td>Lasten istuimet 15-36 kg<\/td>\n<td>3,80 \u20ac \/ vrk<\/td>\n<\/tr>\n<tr>\n<td style=\"background: silver;\">Suksiboksi<\/td>\n<td style=\"background: silver;\"><\/td>\n<\/tr>\n<tr>\n<td>1-3 p\u00e4iv\u00e4<\/td>\n<td>9,60 \u20ac \/ vrk<\/td>\n<\/tr>\n<tr>\n<td>4-7 p\u00e4iv\u00e4<\/td>\n<td>7,60 \u20ac \/ vrk<\/td>\n<\/tr>\n<tr>\n<td>8-20 p\u00e4iv\u00e4<\/td>\n<td>6,50 \u20ac \/ day<\/td>\n<\/tr>\n<\/tbody>\n<\/table>\n<p><img loading=\"lazy\" decoding=\"async\" class=\"aligncenter size-full wp-image-1154\" src=\"http:\/\/bulvar.ee\/wp-content\/uploads\/2013\/10\/lisavarustus2.jpg\" alt=\"lisavarustus\" width=\"581\" height=\"130\" srcset=\"https:\/\/tallinn.carestonia.eu\/wp-content\/uploads\/2013\/10\/lisavarustus2.jpg 581w, https:\/\/tallinn.carestonia.eu\/wp-content\/uploads\/2013\/10\/lisavarustus2-300x67.jpg 300w\" sizes=\"(max-width: 581px) 100vw, 581px\" \/><\/p>\n","protected":false},"excerpt":{"rendered":"<p>Bulvar Autonvuokraus toive on tarjota sinulle auton, pikkubussin tai pakettiauton vuokraus nopeasti ja helposti mukavasti. Kalustomme on hyvin varustettua, kaikissa vuokra-autoissa on ilmastointi, keskuslukitus. signalointi sek\u00e4 radio\/cd \u2013 soitin ja Viron kartta.\u00a0Tarjoamme lis\u00e4varusteina lasten turvaistuimia ja navigaattoreita. Jos olet kiinnostunut erikoislaitteist\u00e4, kerro siit\u00e4 tilauksesta meille toiveistasi auton. GPS-navikaatorit 4,80 \u20ac \/ vrk Lasten istuimet 0-15 [&hellip;]<\/p>\n","protected":false},"author":6,"featured_media":0,"parent":0,"menu_order":0,"comment_status":"closed","ping_status":"closed","template":"","meta":{"footnotes":""},"class_list":["post-1664","page","type-page","status-publish","hentry"],"_links":{"self":[{"href":"https:\/\/tallinn.carestonia.eu\/fi\/wp-json\/wp\/v2\/pages\/1664"}],"collection":[{"href":"https:\/\/tallinn.carestonia.eu\/fi\/wp-json\/wp\/v2\/pages"}],"about":[{"href":"https:\/\/tallinn.carestonia.eu\/fi\/wp-json\/wp\/v2\/types\/page"}],"author":[{"embeddable":true,"href":"https:\/\/tallinn.carestonia.eu\/fi\/wp-json\/wp\/v2\/users\/6"}],"replies":[{"embeddable":true,"href":"https:\/\/tallinn.carestonia.eu\/fi\/wp-json\/wp\/v2\/comments?post=1664"}],"version-history":[{"count":3,"href":"https:\/\/tallinn.carestonia.eu\/fi\/wp-json\/wp\/v2\/pages\/1664\/revisions"}],"predecessor-version":[{"id":7112,"href":"https:\/\/tallinn.carestonia.eu\/fi\/wp-json\/wp\/v2\/pages\/1664\/revisions\/7112"}],"wp:attachment":[{"href":"https:\/\/tallinn.carestonia.eu\/fi\/wp-json\/wp\/v2\/media?parent=1664"}],"curies":[{"name":"wp","href":"https:\/\/api.w.org\/{rel}","templated":true}]}}