{"id":1666,"date":"2013-10-17T12:17:28","date_gmt":"2013-10-17T10:17:28","guid":{"rendered":"http:\/\/bulvar.veebikoda.com\/?page_id=1666"},"modified":"2023-05-10T09:08:36","modified_gmt":"2023-05-10T07:08:36","slug":"maksutavat","status":"publish","type":"page","link":"https:\/\/tallinn.carestonia.eu\/fi\/maksutavat\/","title":{"rendered":"Maksutavat"},"content":{"rendered":"<p><img loading=\"lazy\" decoding=\"async\" class=\" wp-image-7380 alignnone\" src=\"https:\/\/tallinn.carestonia.eu\/wp-content\/uploads\/2023\/05\/Kaardid3b.jpg\" alt=\"\" width=\"161\" height=\"50\" srcset=\"https:\/\/tallinn.carestonia.eu\/wp-content\/uploads\/2023\/05\/Kaardid3b.jpg 329w, https:\/\/tallinn.carestonia.eu\/wp-content\/uploads\/2023\/05\/Kaardid3b-300x93.jpg 300w\" sizes=\"(max-width: 161px) 100vw, 161px\" \/><\/p>\n<p>&nbsp;<\/p>\n<p>&nbsp;<\/p>\n<h3>Maksaminen pankkikortilla<\/h3>\n<p>T\u00e4yt\u00e4 kaikki * merkityt kent\u00e4t<\/p>\n<div class=\"caldera-grid\" id=\"caldera_form_1\" data-cf-ver=\"1.9.6\" data-cf-form-id=\"CF5bf291db44754\"><div id=\"caldera_notices_1\" data-spinner=\"https:\/\/tallinn.carestonia.eu\/wp-admin\/images\/spinner.gif\"><\/div><form data-instance=\"1\" class=\"CF5bf291db44754 caldera_forms_form cfajax-trigger\" method=\"POST\" enctype=\"multipart\/form-data\" id=\"CF5bf291db44754_1\" data-form-id=\"CF5bf291db44754\" aria-label=\"Kaardid FIN\" data-target=\"#caldera_notices_1\" data-template=\"#cfajax_CF5bf291db44754-tmpl\" data-cfajax=\"CF5bf291db44754\" data-load-element=\"_parent\" data-load-class=\"cf_processing\" data-post-disable=\"0\" data-action=\"cf_process_ajax_submit\" data-request=\"https:\/\/tallinn.carestonia.eu\/fi\/\/cf-api\/CF5bf291db44754\" data-hiderows=\"true\">\r\n<input type=\"hidden\" id=\"_cf_verify_CF5bf291db44754\" name=\"_cf_verify\" value=\"d4ea08044f\"  data-nonce-time=\"1776138814\" \/><input type=\"hidden\" name=\"_wp_http_referer\" value=\"\/fi\/wp-json\/wp\/v2\/pages\/1666\" \/><div id=\"cf2-CF5bf291db44754_1\"><\/div><input type=\"hidden\" name=\"_cf_frm_id\" value=\"CF5bf291db44754\">\r\n<input type=\"hidden\" name=\"_cf_frm_ct\" value=\"1\">\r\n<input type=\"hidden\" name=\"cfajax\" value=\"CF5bf291db44754\">\r\n<input type=\"hidden\" name=\"_cf_cr_pst\" value=\"1666\">\r\n<div class=\"hide\" style=\"display:none; overflow:hidden;height:0;width:0;\">\r\n<label>Company<\/label><input type=\"text\" name=\"company\" value=\"\" autocomplete=\"off\">\r\n<\/div><div id=\"CF5bf291db44754_1-row-1\"  class=\"row  single\"><div  class=\"col-sm-12  single\"><div data-field-wrapper=\"fld_1578706\" class=\"form-group\" id=\"fld_1578706_1-wrap\">\r\n\t<label id=\"fld_1578706Label\" for=\"fld_1578706_1\" class=\"control-label screen-reader-text sr-only\">Kaardiomaniku nimi<\/label>\r\n\t<div class=\"\">\r\n\t\t<input placeholder=\"Nimi ja sukunimi *\"  required type=\"text\" data-field=\"fld_1578706\" class=\" form-control\" id=\"fld_1578706_1\" name=\"fld_1578706\" value=\"\" data-type=\"text\" aria-required=\"true\"   aria-labelledby=\"fld_1578706Label\" >\t\t\t<\/div>\r\n<\/div>\r\n<div data-field-wrapper=\"fld_1060111\" class=\"form-group\" id=\"fld_1060111_1-wrap\">\r\n\t<label id=\"fld_1060111Label\" for=\"fld_1060111_1\" class=\"control-label screen-reader-text sr-only\">Kortin numero<\/label>\r\n\t<div class=\"\">\r\n\t\t<input placeholder=\"Kortin numero\"  required type=\"text\" data-field=\"fld_1060111\" class=\" form-control\" id=\"fld_1060111_1\" name=\"fld_1060111\" value=\"\" data-type=\"text\" aria-required=\"true\"   aria-labelledby=\"fld_1060111Label\" >\t\t\t<\/div>\r\n<\/div>\r\n<div data-field-wrapper=\"fld_2375642\" class=\"form-group\" id=\"fld_2375642_1-wrap\">\r\n\t<label id=\"fld_2375642Label\" for=\"fld_2375642_1\" class=\"control-label\">Valid thru (dd\/yy)<\/label>\r\n\t<div class=\"\">\r\n\t\t<input placeholder=\"  \/  \"   type=\"tel\" data-field=\"fld_2375642\" class=\" form-control\" id=\"fld_2375642_1\" name=\"fld_2375642\" value=\"\" data-type=\"credit_card_exp\"   aria-labelledby=\"fld_2375642Label\" >\t\t\t<\/div>\r\n<\/div>\r\n<div data-field-wrapper=\"fld_6923024\" class=\"form-group\" id=\"fld_6923024_1-wrap\">\r\n\t<label id=\"fld_6923024Label\" for=\"fld_6923024_1\" class=\"control-label screen-reader-text sr-only\">EUR<\/label>\r\n\t<div class=\"\">\r\n\t\t<input placeholder=\"EUR \"   type=\"text\" data-field=\"fld_6923024\" class=\" form-control\" id=\"fld_6923024_1\" name=\"fld_6923024\" value=\"\" data-type=\"text\"   aria-labelledby=\"fld_6923024Label\" >\t\t\t<\/div>\r\n<\/div>\r\n<div data-field-wrapper=\"fld_8742204\" class=\"form-group\" id=\"fld_8742204_1-wrap\">\r\n<div class=\"\">\r\n\t<input  class=\"btn btn-default\" type=\"submit\" name=\"fld_8742204\" id=\"fld_8742204_1\" value=\"L\u00e4het\u00e4\" data-field=\"fld_8742204\"  >\n<\/div>\r\n<\/div>\r\n\t<input class=\"button_trigger_1\" type=\"hidden\" name=\"fld_8742204\" id=\"fld_8742204_1_btn\" value=\"\" data-field=\"fld_8742204\"  \/>\n<\/div><\/div><\/form>\r\n<\/div>\r\n\n","protected":false},"excerpt":{"rendered":"<p>&nbsp; &nbsp; Maksaminen pankkikortilla T\u00e4yt\u00e4 kaikki * merkityt kent\u00e4t<\/p>\n","protected":false},"author":6,"featured_media":0,"parent":0,"menu_order":0,"comment_status":"closed","ping_status":"closed","template":"","meta":{"footnotes":""},"class_list":["post-1666","page","type-page","status-publish","hentry"],"_links":{"self":[{"href":"https:\/\/tallinn.carestonia.eu\/fi\/wp-json\/wp\/v2\/pages\/1666"}],"collection":[{"href":"https:\/\/tallinn.carestonia.eu\/fi\/wp-json\/wp\/v2\/pages"}],"about":[{"href":"https:\/\/tallinn.carestonia.eu\/fi\/wp-json\/wp\/v2\/types\/page"}],"author":[{"embeddable":true,"href":"https:\/\/tallinn.carestonia.eu\/fi\/wp-json\/wp\/v2\/users\/6"}],"replies":[{"embeddable":true,"href":"https:\/\/tallinn.carestonia.eu\/fi\/wp-json\/wp\/v2\/comments?post=1666"}],"version-history":[{"count":5,"href":"https:\/\/tallinn.carestonia.eu\/fi\/wp-json\/wp\/v2\/pages\/1666\/revisions"}],"predecessor-version":[{"id":7390,"href":"https:\/\/tallinn.carestonia.eu\/fi\/wp-json\/wp\/v2\/pages\/1666\/revisions\/7390"}],"wp:attachment":[{"href":"https:\/\/tallinn.carestonia.eu\/fi\/wp-json\/wp\/v2\/media?parent=1666"}],"curies":[{"name":"wp","href":"https:\/\/api.w.org\/{rel}","templated":true}]}}