{"id":1725,"date":"2013-10-12T15:51:30","date_gmt":"2013-10-17T14:16:57","guid":{"rendered":"http:\/\/bulvar.veebikoda.com\/?post_type=product&#038;p=1725"},"modified":"2024-05-07T20:05:05","modified_gmt":"2024-05-07T18:05:05","slug":"opel-vivaro-8-1-long-iii","status":"publish","type":"product","link":"https:\/\/tallinn.carestonia.eu\/fi\/auto\/opel-vivaro-8-1-long-iii\/","title":{"rendered":"Opel Vivaro (8+1 long) III"},"content":{"rendered":"","protected":false},"excerpt":{"rendered":"<p>Valmistusvuosi: 2014 Moottori: 2,0 diesel Vaihteisto: k\u00e4sivalintainen 9 paikkaa: 8+1 Ilmastointi CD-Stereo Monitoimiohjauspy\u00f6r\u00e4 Koukku Ski-box Pys\u00e4k\u00f6intikamera<\/p>\n","protected":false},"featured_media":5597,"comment_status":"closed","ping_status":"closed","template":"","meta":[],"product_cat":[72],"product_tag":[],"class_list":{"0":"post-1725","1":"product","2":"type-product","3":"status-publish","4":"has-post-thumbnail","6":"product_cat-pikkubussin-vuokraus","8":"first","9":"instock","10":"shipping-taxable","11":"product-type-simple"},"_links":{"self":[{"href":"https:\/\/tallinn.carestonia.eu\/fi\/wp-json\/wp\/v2\/product\/1725"}],"collection":[{"href":"https:\/\/tallinn.carestonia.eu\/fi\/wp-json\/wp\/v2\/product"}],"about":[{"href":"https:\/\/tallinn.carestonia.eu\/fi\/wp-json\/wp\/v2\/types\/product"}],"replies":[{"embeddable":true,"href":"https:\/\/tallinn.carestonia.eu\/fi\/wp-json\/wp\/v2\/comments?post=1725"}],"wp:featuredmedia":[{"embeddable":true,"href":"https:\/\/tallinn.carestonia.eu\/fi\/wp-json\/wp\/v2\/media\/5597"}],"wp:attachment":[{"href":"https:\/\/tallinn.carestonia.eu\/fi\/wp-json\/wp\/v2\/media?parent=1725"}],"wp:term":[{"taxonomy":"product_cat","embeddable":true,"href":"https:\/\/tallinn.carestonia.eu\/fi\/wp-json\/wp\/v2\/product_cat?post=1725"},{"taxonomy":"product_tag","embeddable":true,"href":"https:\/\/tallinn.carestonia.eu\/fi\/wp-json\/wp\/v2\/product_tag?post=1725"}],"curies":[{"name":"wp","href":"https:\/\/api.w.org\/{rel}","templated":true}]}}