{"id":1730,"date":"2013-10-12T15:47:56","date_gmt":"2013-10-17T14:28:27","guid":{"rendered":"http:\/\/bulvar.veebikoda.com\/?post_type=product&#038;p=1730"},"modified":"2024-05-07T20:03:24","modified_gmt":"2024-05-07T18:03:24","slug":"opel-vivaro-8-1-ii","status":"publish","type":"product","link":"https:\/\/tallinn.carestonia.eu\/fi\/auto\/opel-vivaro-8-1-ii\/","title":{"rendered":"Opel Vivaro (8+1) II"},"content":{"rendered":"","protected":false},"excerpt":{"rendered":"<p>Valmistusvuosi: 2008 Moottori: 1,9 diesel Vaihteisto: k\u00e4sivalintainen 9 paikkaa: 8+1 Ilmastointi CD-Stereo Monitoimiohjauspy\u00f6r\u00e4 Koukku Ski-box<\/p>\n","protected":false},"featured_media":3142,"comment_status":"closed","ping_status":"closed","template":"","meta":[],"product_cat":[72],"product_tag":[],"class_list":{"0":"post-1730","1":"product","2":"type-product","3":"status-publish","4":"has-post-thumbnail","6":"product_cat-pikkubussin-vuokraus","8":"first","9":"instock","10":"shipping-taxable","11":"product-type-simple"},"_links":{"self":[{"href":"https:\/\/tallinn.carestonia.eu\/fi\/wp-json\/wp\/v2\/product\/1730"}],"collection":[{"href":"https:\/\/tallinn.carestonia.eu\/fi\/wp-json\/wp\/v2\/product"}],"about":[{"href":"https:\/\/tallinn.carestonia.eu\/fi\/wp-json\/wp\/v2\/types\/product"}],"replies":[{"embeddable":true,"href":"https:\/\/tallinn.carestonia.eu\/fi\/wp-json\/wp\/v2\/comments?post=1730"}],"wp:featuredmedia":[{"embeddable":true,"href":"https:\/\/tallinn.carestonia.eu\/fi\/wp-json\/wp\/v2\/media\/3142"}],"wp:attachment":[{"href":"https:\/\/tallinn.carestonia.eu\/fi\/wp-json\/wp\/v2\/media?parent=1730"}],"wp:term":[{"taxonomy":"product_cat","embeddable":true,"href":"https:\/\/tallinn.carestonia.eu\/fi\/wp-json\/wp\/v2\/product_cat?post=1730"},{"taxonomy":"product_tag","embeddable":true,"href":"https:\/\/tallinn.carestonia.eu\/fi\/wp-json\/wp\/v2\/product_tag?post=1730"}],"curies":[{"name":"wp","href":"https:\/\/api.w.org\/{rel}","templated":true}]}}