{"id":1764,"date":"2013-10-12T14:08:45","date_gmt":"2013-10-17T15:21:58","guid":{"rendered":"http:\/\/bulvar.veebikoda.com\/?post_type=product&#038;p=1764"},"modified":"2024-05-07T19:39:05","modified_gmt":"2024-05-07T17:39:05","slug":"renault-laguna-univ-aut","status":"publish","type":"product","link":"https:\/\/tallinn.carestonia.eu\/fi\/auto\/renault-laguna-univ-aut\/","title":{"rendered":"Renault Laguna univ Aut"},"content":{"rendered":"","protected":false},"excerpt":{"rendered":"<p>Valmistusvuosi: 2010 5 ovea Moottori: 2,0 Vaihteisto: Automaattinen Ilmastointi Vakionopeudens\u00e4\u00e4din L\u00e4mmitett\u00e4v\u00e4t etuistuimet Turvatyynyt CD-Stereo<\/p>\n","protected":false},"featured_media":3064,"comment_status":"closed","ping_status":"closed","template":"","meta":[],"product_cat":[71],"product_tag":[],"class_list":{"0":"post-1764","1":"product","2":"type-product","3":"status-publish","4":"has-post-thumbnail","6":"product_cat-auton-vuokraus","8":"first","9":"instock","10":"shipping-taxable","11":"product-type-simple"},"_links":{"self":[{"href":"https:\/\/tallinn.carestonia.eu\/fi\/wp-json\/wp\/v2\/product\/1764"}],"collection":[{"href":"https:\/\/tallinn.carestonia.eu\/fi\/wp-json\/wp\/v2\/product"}],"about":[{"href":"https:\/\/tallinn.carestonia.eu\/fi\/wp-json\/wp\/v2\/types\/product"}],"replies":[{"embeddable":true,"href":"https:\/\/tallinn.carestonia.eu\/fi\/wp-json\/wp\/v2\/comments?post=1764"}],"wp:featuredmedia":[{"embeddable":true,"href":"https:\/\/tallinn.carestonia.eu\/fi\/wp-json\/wp\/v2\/media\/3064"}],"wp:attachment":[{"href":"https:\/\/tallinn.carestonia.eu\/fi\/wp-json\/wp\/v2\/media?parent=1764"}],"wp:term":[{"taxonomy":"product_cat","embeddable":true,"href":"https:\/\/tallinn.carestonia.eu\/fi\/wp-json\/wp\/v2\/product_cat?post=1764"},{"taxonomy":"product_tag","embeddable":true,"href":"https:\/\/tallinn.carestonia.eu\/fi\/wp-json\/wp\/v2\/product_tag?post=1764"}],"curies":[{"name":"wp","href":"https:\/\/api.w.org\/{rel}","templated":true}]}}