{"id":1784,"date":"2013-10-12T13:44:58","date_gmt":"2013-10-17T16:12:25","guid":{"rendered":"http:\/\/bulvar.veebikoda.com\/?post_type=product&#038;p=1784"},"modified":"2024-05-07T19:34:30","modified_gmt":"2024-05-07T17:34:30","slug":"audi-a3-aut","status":"publish","type":"product","link":"https:\/\/tallinn.carestonia.eu\/fi\/auto\/audi-a3-aut\/","title":{"rendered":"Audi A3 Aut"},"content":{"rendered":"","protected":false},"excerpt":{"rendered":"<p>Valmistusvuosi: 2008 4 ovea Moottori: 2,0 Vaihteisto: Automaattinen Ilmastointi Vakionopeudens\u00e4\u00e4din Turvatyynyt CD-Stereo, monitoimilaite L\u00e4mmitett\u00e4v\u00e4t etuistuimet<\/p>\n","protected":false},"featured_media":1785,"comment_status":"closed","ping_status":"closed","template":"","meta":[],"product_cat":[71],"product_tag":[],"class_list":{"0":"post-1784","1":"product","2":"type-product","3":"status-publish","4":"has-post-thumbnail","6":"product_cat-auton-vuokraus","8":"first","9":"instock","10":"featured","11":"shipping-taxable","12":"product-type-simple"},"_links":{"self":[{"href":"https:\/\/tallinn.carestonia.eu\/fi\/wp-json\/wp\/v2\/product\/1784"}],"collection":[{"href":"https:\/\/tallinn.carestonia.eu\/fi\/wp-json\/wp\/v2\/product"}],"about":[{"href":"https:\/\/tallinn.carestonia.eu\/fi\/wp-json\/wp\/v2\/types\/product"}],"replies":[{"embeddable":true,"href":"https:\/\/tallinn.carestonia.eu\/fi\/wp-json\/wp\/v2\/comments?post=1784"}],"wp:featuredmedia":[{"embeddable":true,"href":"https:\/\/tallinn.carestonia.eu\/fi\/wp-json\/wp\/v2\/media\/1785"}],"wp:attachment":[{"href":"https:\/\/tallinn.carestonia.eu\/fi\/wp-json\/wp\/v2\/media?parent=1784"}],"wp:term":[{"taxonomy":"product_cat","embeddable":true,"href":"https:\/\/tallinn.carestonia.eu\/fi\/wp-json\/wp\/v2\/product_cat?post=1784"},{"taxonomy":"product_tag","embeddable":true,"href":"https:\/\/tallinn.carestonia.eu\/fi\/wp-json\/wp\/v2\/product_tag?post=1784"}],"curies":[{"name":"wp","href":"https:\/\/api.w.org\/{rel}","templated":true}]}}