{"id":1820,"date":"2013-10-12T12:45:15","date_gmt":"2013-10-17T16:56:28","guid":{"rendered":"http:\/\/bulvar.veebikoda.com\/?post_type=product&#038;p=1820"},"modified":"2024-05-07T19:59:47","modified_gmt":"2024-05-07T17:59:47","slug":"volvo-s80-aut-iii","status":"publish","type":"product","link":"https:\/\/tallinn.carestonia.eu\/fi\/auto\/volvo-s80-aut-iii\/","title":{"rendered":"Volvo S80 Aut III"},"content":{"rendered":"","protected":false},"excerpt":{"rendered":"<p>Valmistusvuosi: 2006 4 ovea Moottori: 2,5 Vaihteisto: automaattinen Ilmastointi CD-Stereo, monitoimilaite L\u00e4mmitett\u00e4v\u00e4t etuistuimet<\/p>\n","protected":false},"featured_media":2986,"comment_status":"closed","ping_status":"closed","template":"","meta":[],"product_cat":[71],"product_tag":[],"class_list":{"0":"post-1820","1":"product","2":"type-product","3":"status-publish","4":"has-post-thumbnail","6":"product_cat-auton-vuokraus","8":"first","9":"instock","10":"shipping-taxable","11":"product-type-simple"},"_links":{"self":[{"href":"https:\/\/tallinn.carestonia.eu\/fi\/wp-json\/wp\/v2\/product\/1820"}],"collection":[{"href":"https:\/\/tallinn.carestonia.eu\/fi\/wp-json\/wp\/v2\/product"}],"about":[{"href":"https:\/\/tallinn.carestonia.eu\/fi\/wp-json\/wp\/v2\/types\/product"}],"replies":[{"embeddable":true,"href":"https:\/\/tallinn.carestonia.eu\/fi\/wp-json\/wp\/v2\/comments?post=1820"}],"wp:featuredmedia":[{"embeddable":true,"href":"https:\/\/tallinn.carestonia.eu\/fi\/wp-json\/wp\/v2\/media\/2986"}],"wp:attachment":[{"href":"https:\/\/tallinn.carestonia.eu\/fi\/wp-json\/wp\/v2\/media?parent=1820"}],"wp:term":[{"taxonomy":"product_cat","embeddable":true,"href":"https:\/\/tallinn.carestonia.eu\/fi\/wp-json\/wp\/v2\/product_cat?post=1820"},{"taxonomy":"product_tag","embeddable":true,"href":"https:\/\/tallinn.carestonia.eu\/fi\/wp-json\/wp\/v2\/product_tag?post=1820"}],"curies":[{"name":"wp","href":"https:\/\/api.w.org\/{rel}","templated":true}]}}