{"id":1826,"date":"2013-10-12T12:22:42","date_gmt":"2013-10-17T17:03:52","guid":{"rendered":"http:\/\/bulvar.veebikoda.com\/?post_type=product&#038;p=1826"},"modified":"2024-05-07T19:57:32","modified_gmt":"2024-05-07T17:57:32","slug":"volvo-s80-aut-ii","status":"publish","type":"product","link":"https:\/\/tallinn.carestonia.eu\/fi\/auto\/volvo-s80-aut-ii\/","title":{"rendered":"Volvo S80 Aut II"},"content":{"rendered":"","protected":false},"excerpt":{"rendered":"<p>Valmistusvuosi: 2008 4 ovea Moottori: 2,5 Vaihteisto: Automaattinen Vakionopeudens\u00e4\u00e4din Ilmastointi CD-Stereo, monitoimilaite L\u00e4mmitett\u00e4v\u00e4t etuistuimet<\/p>\n","protected":false},"featured_media":6121,"comment_status":"closed","ping_status":"closed","template":"","meta":[],"product_cat":[71],"product_tag":[],"class_list":{"0":"post-1826","1":"product","2":"type-product","3":"status-publish","4":"has-post-thumbnail","6":"product_cat-auton-vuokraus","8":"first","9":"instock","10":"shipping-taxable","11":"product-type-simple"},"_links":{"self":[{"href":"https:\/\/tallinn.carestonia.eu\/fi\/wp-json\/wp\/v2\/product\/1826"}],"collection":[{"href":"https:\/\/tallinn.carestonia.eu\/fi\/wp-json\/wp\/v2\/product"}],"about":[{"href":"https:\/\/tallinn.carestonia.eu\/fi\/wp-json\/wp\/v2\/types\/product"}],"replies":[{"embeddable":true,"href":"https:\/\/tallinn.carestonia.eu\/fi\/wp-json\/wp\/v2\/comments?post=1826"}],"wp:featuredmedia":[{"embeddable":true,"href":"https:\/\/tallinn.carestonia.eu\/fi\/wp-json\/wp\/v2\/media\/6121"}],"wp:attachment":[{"href":"https:\/\/tallinn.carestonia.eu\/fi\/wp-json\/wp\/v2\/media?parent=1826"}],"wp:term":[{"taxonomy":"product_cat","embeddable":true,"href":"https:\/\/tallinn.carestonia.eu\/fi\/wp-json\/wp\/v2\/product_cat?post=1826"},{"taxonomy":"product_tag","embeddable":true,"href":"https:\/\/tallinn.carestonia.eu\/fi\/wp-json\/wp\/v2\/product_tag?post=1826"}],"curies":[{"name":"wp","href":"https:\/\/api.w.org\/{rel}","templated":true}]}}