{"id":6378,"date":"2017-07-12T11:24:52","date_gmt":"2017-07-13T21:03:03","guid":{"rendered":"http:\/\/bulvar.ee\/?post_type=product&#038;p=6378\/"},"modified":"2024-05-07T19:46:54","modified_gmt":"2024-05-07T17:46:54","slug":"vw-variant-universaal","status":"publish","type":"product","link":"https:\/\/tallinn.carestonia.eu\/fi\/auto\/vw-variant-universaal\/","title":{"rendered":"VW Variant Universal"},"content":{"rendered":"","protected":false},"excerpt":{"rendered":"<p>Valmistusvuosi: 2014 5\u00a0ovea Moottori: 1,6 Vaihteisto: Automaattinen Vakionopeudens\u00e4\u00e4din Ilmastointi L\u00e4mmitett\u00e4v\u00e4t etuistuimet Pys\u00e4k\u00f6intitutkaa CD ja MP3\u00a0monitoimilaite<\/p>\n","protected":false},"featured_media":6307,"comment_status":"closed","ping_status":"closed","template":"","meta":[],"product_cat":[71],"product_tag":[],"class_list":{"0":"post-6378","1":"product","2":"type-product","3":"status-publish","4":"has-post-thumbnail","6":"product_cat-auton-vuokraus","8":"first","9":"instock","10":"shipping-taxable","11":"product-type-simple"},"_links":{"self":[{"href":"https:\/\/tallinn.carestonia.eu\/fi\/wp-json\/wp\/v2\/product\/6378"}],"collection":[{"href":"https:\/\/tallinn.carestonia.eu\/fi\/wp-json\/wp\/v2\/product"}],"about":[{"href":"https:\/\/tallinn.carestonia.eu\/fi\/wp-json\/wp\/v2\/types\/product"}],"replies":[{"embeddable":true,"href":"https:\/\/tallinn.carestonia.eu\/fi\/wp-json\/wp\/v2\/comments?post=6378"}],"wp:featuredmedia":[{"embeddable":true,"href":"https:\/\/tallinn.carestonia.eu\/fi\/wp-json\/wp\/v2\/media\/6307"}],"wp:attachment":[{"href":"https:\/\/tallinn.carestonia.eu\/fi\/wp-json\/wp\/v2\/media?parent=6378"}],"wp:term":[{"taxonomy":"product_cat","embeddable":true,"href":"https:\/\/tallinn.carestonia.eu\/fi\/wp-json\/wp\/v2\/product_cat?post=6378"},{"taxonomy":"product_tag","embeddable":true,"href":"https:\/\/tallinn.carestonia.eu\/fi\/wp-json\/wp\/v2\/product_tag?post=6378"}],"curies":[{"name":"wp","href":"https:\/\/api.w.org\/{rel}","templated":true}]}}